{"id":5159,"date":"2025-06-10T14:16:08","date_gmt":"2025-06-10T14:16:08","guid":{"rendered":"https:\/\/arauphar.com\/site\/?post_type=product&#038;p=5159"},"modified":"2025-06-10T14:28:39","modified_gmt":"2025-06-10T14:28:39","slug":"boite-accouchement-normal","status":"publish","type":"product","link":"https:\/\/arauphar.com\/site\/product\/boite-accouchement-normal\/","title":{"rendered":"Boite accouchement normal"},"content":{"rendered":"<body><p>A standard delivery kit is a sterilized medical kit containing the instruments and supplies necessary to ensure a safe and hygienic vaginal delivery. It is used by midwives and healthcare professionals to perform a simple, uncomplicated delivery.<br>\nTypical contents of a standard delivery kit:<br>\nInstruments:<br>\nKocher forceps (for tissue management).<br>\nP\u00e9an Murphy forceps (for hemostasis).<br>\nMousset scissors (for cutting the umbilical cord).<br>\nBar umbilical clamp (for clamping the cord).<br>\nRibemont insufflator (for suctioning the newborn\u2019s secretions).<br>\nReverdin needle (for repairing tears).<br>\nMembrane piercer (for artificially rupturing the membranes).<br>\nOther specific tools as needed.<\/p>\n<\/body>","protected":false},"excerpt":{"rendered":"<p>&#8220;Bo\u00eete \u00e0 pince interm\u00e9diaire&#8221; in English translates to &#8220;intermediate forceps tray&#8221; or &#8220;intermediate clamp box&#8221;.<br \/>\nThe phrase refers to a container or box specifically designed to hold and organize intermediate-sized forceps or clamps, often used in medical or surgical settings.<\/p>\n","protected":false},"featured_media":5188,"template":"","meta":{"_monsterinsights_skip_tracking":false,"_monsterinsights_sitenote_active":false,"_monsterinsights_sitenote_note":"","_monsterinsights_sitenote_category":0},"product_brand":[],"product_cat":[105,172],"product_tag":[],"class_list":{"0":"post-5159","1":"product","2":"type-product","3":"status-publish","4":"has-post-thumbnail","6":"product_cat-equipment-and-supplies","7":"product_cat-operating-room-and-surgery","9":"first","10":"instock","11":"shipping-taxable","12":"product-type-external"},"aioseo_notices":[],"jetpack_sharing_enabled":true,"_links":{"self":[{"href":"https:\/\/arauphar.com\/site\/wp-json\/wp\/v2\/product\/5159","targetHints":{"allow":["GET"]}}],"collection":[{"href":"https:\/\/arauphar.com\/site\/wp-json\/wp\/v2\/product"}],"about":[{"href":"https:\/\/arauphar.com\/site\/wp-json\/wp\/v2\/types\/product"}],"version-history":[{"count":1,"href":"https:\/\/arauphar.com\/site\/wp-json\/wp\/v2\/product\/5159\/revisions"}],"predecessor-version":[{"id":5171,"href":"https:\/\/arauphar.com\/site\/wp-json\/wp\/v2\/product\/5159\/revisions\/5171"}],"wp:featuredmedia":[{"embeddable":true,"href":"https:\/\/arauphar.com\/site\/wp-json\/wp\/v2\/media\/5188"}],"wp:attachment":[{"href":"https:\/\/arauphar.com\/site\/wp-json\/wp\/v2\/media?parent=5159"}],"wp:term":[{"taxonomy":"product_brand","embeddable":true,"href":"https:\/\/arauphar.com\/site\/wp-json\/wp\/v2\/product_brand?post=5159"},{"taxonomy":"product_cat","embeddable":true,"href":"https:\/\/arauphar.com\/site\/wp-json\/wp\/v2\/product_cat?post=5159"},{"taxonomy":"product_tag","embeddable":true,"href":"https:\/\/arauphar.com\/site\/wp-json\/wp\/v2\/product_tag?post=5159"}],"curies":[{"name":"wp","href":"https:\/\/api.w.org\/{rel}","templated":true}]}}