{"id":5156,"date":"2025-06-02T15:04:19","date_gmt":"2025-06-02T15:04:19","guid":{"rendered":"https:\/\/arauphar.com\/site\/?post_type=product&#038;p=5156"},"modified":"2025-06-02T15:05:24","modified_gmt":"2025-06-02T15:05:24","slug":"boite-a-pince-intermediare","status":"publish","type":"product","link":"https:\/\/arauphar.com\/site\/product\/boite-a-pince-intermediare\/","title":{"rendered":"Boite a pince intermediare"},"content":{"rendered":"","protected":false},"excerpt":{"rendered":"<p>&#8220;Bo\u00eete \u00e0 pince interm\u00e9diaire&#8221; in English translates to &#8220;intermediate forceps tray&#8221; or &#8220;intermediate clamp box&#8221;.<br \/>\nThe phrase refers to a container or box specifically designed to hold and organize intermediate-sized forceps or clamps, often used in medical or surgical settings.<\/p>\n","protected":false},"featured_media":5119,"template":"","meta":{"_monsterinsights_skip_tracking":false,"_monsterinsights_sitenote_active":false,"_monsterinsights_sitenote_note":"","_monsterinsights_sitenote_category":0},"product_brand":[],"product_cat":[105,172],"product_tag":[],"class_list":{"0":"post-5156","1":"product","2":"type-product","3":"status-publish","4":"has-post-thumbnail","6":"product_cat-equipment-and-supplies","7":"product_cat-operating-room-and-surgery","9":"first","10":"instock","11":"shipping-taxable","12":"product-type-external"},"aioseo_notices":[],"jetpack_sharing_enabled":true,"_links":{"self":[{"href":"https:\/\/arauphar.com\/site\/wp-json\/wp\/v2\/product\/5156","targetHints":{"allow":["GET"]}}],"collection":[{"href":"https:\/\/arauphar.com\/site\/wp-json\/wp\/v2\/product"}],"about":[{"href":"https:\/\/arauphar.com\/site\/wp-json\/wp\/v2\/types\/product"}],"version-history":[{"count":1,"href":"https:\/\/arauphar.com\/site\/wp-json\/wp\/v2\/product\/5156\/revisions"}],"predecessor-version":[{"id":5157,"href":"https:\/\/arauphar.com\/site\/wp-json\/wp\/v2\/product\/5156\/revisions\/5157"}],"wp:featuredmedia":[{"embeddable":true,"href":"https:\/\/arauphar.com\/site\/wp-json\/wp\/v2\/media\/5119"}],"wp:attachment":[{"href":"https:\/\/arauphar.com\/site\/wp-json\/wp\/v2\/media?parent=5156"}],"wp:term":[{"taxonomy":"product_brand","embeddable":true,"href":"https:\/\/arauphar.com\/site\/wp-json\/wp\/v2\/product_brand?post=5156"},{"taxonomy":"product_cat","embeddable":true,"href":"https:\/\/arauphar.com\/site\/wp-json\/wp\/v2\/product_cat?post=5156"},{"taxonomy":"product_tag","embeddable":true,"href":"https:\/\/arauphar.com\/site\/wp-json\/wp\/v2\/product_tag?post=5156"}],"curies":[{"name":"wp","href":"https:\/\/api.w.org\/{rel}","templated":true}]}}