{"id":4727,"date":"2024-08-14T11:38:31","date_gmt":"2024-08-14T11:38:31","guid":{"rendered":"https:\/\/arauphar.com\/site\/?post_type=product&#038;p=4727"},"modified":"2024-08-14T11:40:38","modified_gmt":"2024-08-14T11:40:38","slug":"cefinir-tablet","status":"publish","type":"product","link":"https:\/\/arauphar.com\/site\/product\/cefinir-tablet\/","title":{"rendered":"Cefinir tablet"},"content":{"rendered":"<body><ul>\n<li>Treat Invincible Infections and Invisible Infections with Confidence.<\/li>\n<li>An extended spectrum antibiotic.<\/li>\n<\/ul>\n<h4>Indications<\/h4>\n<ul>\n<li>Infections des voies respiratoires<br>\n\u2022 Abc\u00e8s amygdalien,<br>\n\u2022 otite moyenne,<br>\n\u2022 infection suppur\u00e9e des sinus,<br>\n\u2022 bronchite chronique aigu\u00eb,<br>\n\u2022 bronchectasie,<br>\n\u2022 bronchopneumonie,<br>\n\u2022 pleur\u00e9sie,<br>\n\u2022 abc\u00e8s pulmonaire,<br>\n\u2022 emphys\u00e8me,<br>\n\u2022 bronchiolite.\n<p>\u00a0<\/p><\/li>\n<li>Infections des voies urinaires<br>\n\u2022 Py\u00e9lon\u00e9phrite aigu\u00eb et chronique,<br>\n\u2022 Cystite,<br>\n\u2022 Ur\u00e9trite.\n<p>\u00a0<\/p><\/li>\n<li>Infections de la peau et des tissus mous<br>\n\u2022 Furoncles r\u00e9currents,<br>\n\u2022 anthrax,<br>\n\u2022 imp\u00e9tigo, cellulite<br>\n\u2022 et autres dermatoses infect\u00e9es.<\/li>\n<\/ul>\n<\/body>","protected":false},"excerpt":{"rendered":"<h4>Composition<\/h4>\n<p>Each dispersible tablet contains: Cefdinir 300mg<\/p>\n","protected":false},"featured_media":4729,"template":"","meta":{"_monsterinsights_skip_tracking":false,"_monsterinsights_sitenote_active":false,"_monsterinsights_sitenote_note":"","_monsterinsights_sitenote_category":0},"product_brand":[],"product_cat":[152,104],"product_tag":[],"class_list":{"0":"post-4727","1":"product","2":"type-product","3":"status-publish","4":"has-post-thumbnail","6":"product_cat-antibiotic","7":"product_cat-pharmaceuticals","9":"first","10":"instock","11":"shipping-taxable","12":"product-type-external"},"aioseo_notices":[],"jetpack_sharing_enabled":true,"_links":{"self":[{"href":"https:\/\/arauphar.com\/site\/wp-json\/wp\/v2\/product\/4727","targetHints":{"allow":["GET"]}}],"collection":[{"href":"https:\/\/arauphar.com\/site\/wp-json\/wp\/v2\/product"}],"about":[{"href":"https:\/\/arauphar.com\/site\/wp-json\/wp\/v2\/types\/product"}],"version-history":[{"count":1,"href":"https:\/\/arauphar.com\/site\/wp-json\/wp\/v2\/product\/4727\/revisions"}],"predecessor-version":[{"id":4732,"href":"https:\/\/arauphar.com\/site\/wp-json\/wp\/v2\/product\/4727\/revisions\/4732"}],"wp:featuredmedia":[{"embeddable":true,"href":"https:\/\/arauphar.com\/site\/wp-json\/wp\/v2\/media\/4729"}],"wp:attachment":[{"href":"https:\/\/arauphar.com\/site\/wp-json\/wp\/v2\/media?parent=4727"}],"wp:term":[{"taxonomy":"product_brand","embeddable":true,"href":"https:\/\/arauphar.com\/site\/wp-json\/wp\/v2\/product_brand?post=4727"},{"taxonomy":"product_cat","embeddable":true,"href":"https:\/\/arauphar.com\/site\/wp-json\/wp\/v2\/product_cat?post=4727"},{"taxonomy":"product_tag","embeddable":true,"href":"https:\/\/arauphar.com\/site\/wp-json\/wp\/v2\/product_tag?post=4727"}],"curies":[{"name":"wp","href":"https:\/\/api.w.org\/{rel}","templated":true}]}}