{"id":4452,"date":"2024-07-30T10:45:51","date_gmt":"2024-07-30T10:45:51","guid":{"rendered":"https:\/\/arauphar.com\/site\/?post_type=product&#038;p=4452"},"modified":"2024-07-30T10:51:23","modified_gmt":"2024-07-30T10:51:23","slug":"probalex-capsule","status":"publish","type":"product","link":"https:\/\/arauphar.com\/site\/product\/probalex-capsule\/","title":{"rendered":"Probalex capsule"},"content":{"rendered":"<body><ul>\n<li>Healthy intestinal flora is an indicator of stable health.<\/li>\n<li>A daily dose to improve overall health<\/li>\n<\/ul>\n<h4>Indications<\/h4>\n<ul>\n<li>PROBALEX is used to treat urinary tract infections in women, vaginal mycoses (vaginitis) due to Candida, skin problems such as acne, aczema and lactose intolerance.<\/li>\n<li>PROBALEX aide \u00e0 la prise en charge des enfants atteints de gastro-ent\u00e9rite aigu\u00eb en compl\u00e9ment de la th\u00e9rapie de r\u00e9hydratation.<\/li>\n<li>PROBALEX une m\u00e9thode th\u00e9rapeutique efficace et s\u00fbre pour les personnes \u00e2g\u00e9es souffrant de constipation fonctionnelle \u00e0 r\u00e9p\u00e9tition.<\/li>\n<li>PROBALEX a r\u00e9duit de mani\u00e8re significative la gravit\u00e9 et la fr\u00e9quence des douleurs abdominales chez les patients atteints du syndrome du c\u00f4lon irritable.<\/li>\n<li>PROBALEX r\u00e9duit l\u2019inflammation et supprime la colite.<\/li>\n<li>PROBALEX r\u00e9duit les taux d\u2019endotoxines circulantes chez les patients cirrhotiques atteints d\u2019endotox\u00e9mie.<\/li>\n<li>PROBALEX a r\u00e9duit les agents pathog\u00e8nes parodontaux chez l\u2019homme.<\/li>\n<li>PROBALEX diminue la prise de poids et att\u00e9nue le stress oxydatif chez les ob\u00e8ses.<br>\nLes patients diab\u00e9tiques qui d\u00e9veloppent des ulc\u00e8res du pied pr\u00e9sentent un risque majeur de mourir pr\u00e9matur\u00e9ment que ceux sans complication. PROBALEX pr\u00e9sente une activit\u00e9 antimicrobienne efficace contre bact\u00e9riens responsables du pied diab\u00e9tique<\/li>\n<li>PROBALEX used in the preventive treatment of antibiotic-associated diarrhea in adults and children.<\/li>\n<li>PROBALEX has been shown to reduce relapses in specific patients with recurrent Clostridium difficile infection, and may be effective in the secondary prevention of Clostridium difficile infection.<\/li>\n<li>PROBALEX has been shown to significantly increase recovery rates in patients with stage IV HIV\/AIDS-associated diarrhea.<\/li>\n<li>The addition of PROBALEX to the standard triple medication protocol for the eradication of Helicobacter pylori infection has shown a significant increase in eradication rates and also a reduction in the usual side effects of Helicobacter pylori eradication therapy, notably diarrhea and nausea.<\/li>\n<li>PROBALEX offers potential advantages in the treatment of blastocystis.\u00a0<\/li>\n<\/ul>\n<\/body>","protected":false},"excerpt":{"rendered":"<h4>Composition<\/h4>\n<p>Lactobacillus Acidophilus, Lactobacillus Rhamnosus, Bifidobacterium Longum, Bifidobacterium Bifidum, Streptococcus Thermophilus, Saccharomyces Boulardii and Fructo Oligosaccharides Capsules<\/p>\n","protected":false},"featured_media":4454,"template":"","meta":{"_monsterinsights_skip_tracking":false,"_monsterinsights_sitenote_active":false,"_monsterinsights_sitenote_note":"","_monsterinsights_sitenote_category":0},"product_brand":[],"product_cat":[134,104],"product_tag":[],"class_list":{"0":"post-4452","1":"product","2":"type-product","3":"status-publish","4":"has-post-thumbnail","6":"product_cat-anti-diarrhea","7":"product_cat-pharmaceuticals","9":"first","10":"instock","11":"shipping-taxable","12":"product-type-external"},"aioseo_notices":[],"jetpack_sharing_enabled":true,"_links":{"self":[{"href":"https:\/\/arauphar.com\/site\/wp-json\/wp\/v2\/product\/4452","targetHints":{"allow":["GET"]}}],"collection":[{"href":"https:\/\/arauphar.com\/site\/wp-json\/wp\/v2\/product"}],"about":[{"href":"https:\/\/arauphar.com\/site\/wp-json\/wp\/v2\/types\/product"}],"version-history":[{"count":2,"href":"https:\/\/arauphar.com\/site\/wp-json\/wp\/v2\/product\/4452\/revisions"}],"predecessor-version":[{"id":4455,"href":"https:\/\/arauphar.com\/site\/wp-json\/wp\/v2\/product\/4452\/revisions\/4455"}],"wp:featuredmedia":[{"embeddable":true,"href":"https:\/\/arauphar.com\/site\/wp-json\/wp\/v2\/media\/4454"}],"wp:attachment":[{"href":"https:\/\/arauphar.com\/site\/wp-json\/wp\/v2\/media?parent=4452"}],"wp:term":[{"taxonomy":"product_brand","embeddable":true,"href":"https:\/\/arauphar.com\/site\/wp-json\/wp\/v2\/product_brand?post=4452"},{"taxonomy":"product_cat","embeddable":true,"href":"https:\/\/arauphar.com\/site\/wp-json\/wp\/v2\/product_cat?post=4452"},{"taxonomy":"product_tag","embeddable":true,"href":"https:\/\/arauphar.com\/site\/wp-json\/wp\/v2\/product_tag?post=4452"}],"curies":[{"name":"wp","href":"https:\/\/api.w.org\/{rel}","templated":true}]}}