{"id":3478,"date":"2024-06-15T10:10:43","date_gmt":"2024-06-15T10:10:43","guid":{"rendered":"https:\/\/arauphar.com\/site\/?post_type=product&#038;p=3478"},"modified":"2025-03-31T10:17:03","modified_gmt":"2025-03-31T10:17:03","slug":"araucof-e-sirop-100ml","status":"publish","type":"product","link":"https:\/\/arauphar.com\/site\/product\/araucof-e-sirop-100ml\/","title":{"rendered":"Araucof-E sirop 100ml"},"content":{"rendered":"<body><p>FROID! GRIPPE! sont fr\u00e9quents chez les enfants, ce qui entra\u00eene des journ\u00e9es d\u2019\u00e9cole et des heures de jeu manqu\u00e9es<\/p>\n<h4><strong>Indication<\/strong><\/h4>\n<ul>\n<li>Pour le soulagement des affections du rhume et de la grippe associ\u00e9es \u00e0 :<\/li>\n<li>Grippe<\/li>\n<li>Rhinite allergique et saisonni\u00e8re<\/li>\n<li>Maux de t\u00eate et courbatures l\u00e9gers \u00e0 mod\u00e9r\u00e9s<\/li>\n<li>Frissons et fi\u00e8vre<\/li>\n<li>Toux, maux de gorge et infection bronchique<\/li>\n<\/ul>\n<\/body>","protected":false},"excerpt":{"rendered":"<h4><strong>Composition<\/strong><\/h4>\n<p>Chaque 5ml contient:<br \/>\nMal\u00e9ate de chlorph\u00e9namine 0,5mg, acide ascorbique 20mg, parac\u00e9tamol 100, benzoate de sodium 40mg et eucalyptol 2mg<\/p>\n","protected":false},"featured_media":3479,"template":"","meta":{"_monsterinsights_skip_tracking":false,"_monsterinsights_sitenote_active":false,"_monsterinsights_sitenote_note":"","_monsterinsights_sitenote_category":0},"product_brand":[],"product_cat":[158,104],"product_tag":[],"class_list":{"0":"post-3478","1":"product","2":"type-product","3":"status-publish","4":"has-post-thumbnail","6":"product_cat-antigrippal","7":"product_cat-pharmaceuticals","9":"first","10":"instock","11":"shipping-taxable","12":"product-type-external"},"aioseo_notices":[],"jetpack_sharing_enabled":true,"_links":{"self":[{"href":"https:\/\/arauphar.com\/site\/wp-json\/wp\/v2\/product\/3478","targetHints":{"allow":["GET"]}}],"collection":[{"href":"https:\/\/arauphar.com\/site\/wp-json\/wp\/v2\/product"}],"about":[{"href":"https:\/\/arauphar.com\/site\/wp-json\/wp\/v2\/types\/product"}],"version-history":[{"count":2,"href":"https:\/\/arauphar.com\/site\/wp-json\/wp\/v2\/product\/3478\/revisions"}],"predecessor-version":[{"id":5052,"href":"https:\/\/arauphar.com\/site\/wp-json\/wp\/v2\/product\/3478\/revisions\/5052"}],"wp:featuredmedia":[{"embeddable":true,"href":"https:\/\/arauphar.com\/site\/wp-json\/wp\/v2\/media\/3479"}],"wp:attachment":[{"href":"https:\/\/arauphar.com\/site\/wp-json\/wp\/v2\/media?parent=3478"}],"wp:term":[{"taxonomy":"product_brand","embeddable":true,"href":"https:\/\/arauphar.com\/site\/wp-json\/wp\/v2\/product_brand?post=3478"},{"taxonomy":"product_cat","embeddable":true,"href":"https:\/\/arauphar.com\/site\/wp-json\/wp\/v2\/product_cat?post=3478"},{"taxonomy":"product_tag","embeddable":true,"href":"https:\/\/arauphar.com\/site\/wp-json\/wp\/v2\/product_tag?post=3478"}],"curies":[{"name":"wp","href":"https:\/\/api.w.org\/{rel}","templated":true}]}}