{"id":3393,"date":"2024-06-12T11:10:21","date_gmt":"2024-06-12T11:10:21","guid":{"rendered":"https:\/\/arauphar.com\/site\/?post_type=product&#038;p=3393"},"modified":"2024-09-26T14:43:05","modified_gmt":"2024-09-26T14:43:05","slug":"doverin-40-tablet","status":"publish","type":"product","link":"https:\/\/arauphar.com\/site\/product\/doverin-40-tablet\/","title":{"rendered":"Doverin-40 tablet"},"content":{"rendered":"<body><ul>\n<li>Soulager les Spasmes avec un Mode d\u2019Action Nettement Diff\u00e9rent et efficace<\/li>\n<li>L\u2019Anti-Spasmodique Distinctement Diff\u00e9rent<\/li>\n<li>Proposer la Spasmolyse avec DOVERIN<\/li>\n<\/ul>\n<h4><strong>Indication<\/strong><\/h4>\n<p>Doverin et Doverin-M peuvent \u00eatre indiqu\u00e9s pour traiter les spasmes et la douleur des syst\u00e8mes ou des organes suivants :<\/p>\n<ul>\n<li>Syst\u00e8me digestif (tractus gastro-duod\u00e9nal et voies biliaires)<br>\nSoulagement des spasmes des gastroduod\u00e9nites chroniques, des ulc\u00e8res gastriques et duod\u00e9naux, denchol\u00e9lithiase (colique h\u00e9patique), chol\u00e9cystite chronique, syndrome postchol\u00e9cystectomique, dyskin\u00e9sie hypermotrice des voies biliaires, dyskin\u00e9sie spastique de l\u2019intestin, dyskin\u00e9sie intestinale colique caus\u00e9e par la r\u00e9tention de gaz apr\u00e8s les op\u00e9rations, colite, proctite, t\u00e9nesme, m\u00e9t\u00e9orisme.<br>\nDouleur post-op\u00e9ratoire.<\/li>\n<li>Syst\u00e8me Urinaire (voies urinaires) :<br>\nLithiase urinaire (colique n\u00e9phr\u00e9tique), py\u00e9lite.<\/li>\n<li>Syst\u00e8me reproducteur (Feminin)<br>\nBesoin d\u2019affaiblissement des contractions ut\u00e9rines et d\u2019ablation du col de l\u2019ut\u00e9rus, spasme du travail,dysm\u00e9norrh\u00e9e primaire et secondaire, fortes douleurs du travail.<br>\nSpasme ut\u00e9rin post-chirurgical, Irritabilit\u00e9 et douleur ut\u00e9rines associ\u00e9es \u00e0 la dilatation et au curetage de l\u2019insertion du dispositif contraceptif intra-ut\u00e9rin, \u00e0 la maladie inflammatoire pelvienne ou \u00e0 l\u2019hyst\u00e9rosalpingographie.<\/li>\n<li>Autres:<br>\nSpasme des vaisseaux c\u00e9r\u00e9braux, des art\u00e8res coronaires et p\u00e9riph\u00e9riques.<\/li>\n<\/ul>\n<\/body>","protected":false},"excerpt":{"rendered":"<h4><strong>Composition<\/strong><\/h4>\n<p>Chaque comprim\u00e9 contient Chlorhydrate de drotav\u00e9rine 40mg<\/p>\n<p>&nbsp;<\/p>\n","protected":false},"featured_media":3388,"template":"","meta":{"_monsterinsights_skip_tracking":false,"_monsterinsights_sitenote_active":false,"_monsterinsights_sitenote_note":"","_monsterinsights_sitenote_category":0},"product_brand":[],"product_cat":[109,104],"product_tag":[],"class_list":{"0":"post-3393","1":"product","2":"type-product","3":"status-publish","4":"has-post-thumbnail","6":"product_cat-anti-spasmodics","7":"product_cat-pharmaceuticals","9":"first","10":"instock","11":"shipping-taxable","12":"product-type-external"},"aioseo_notices":[],"jetpack_sharing_enabled":true,"_links":{"self":[{"href":"https:\/\/arauphar.com\/site\/wp-json\/wp\/v2\/product\/3393","targetHints":{"allow":["GET"]}}],"collection":[{"href":"https:\/\/arauphar.com\/site\/wp-json\/wp\/v2\/product"}],"about":[{"href":"https:\/\/arauphar.com\/site\/wp-json\/wp\/v2\/types\/product"}],"version-history":[{"count":4,"href":"https:\/\/arauphar.com\/site\/wp-json\/wp\/v2\/product\/3393\/revisions"}],"predecessor-version":[{"id":4946,"href":"https:\/\/arauphar.com\/site\/wp-json\/wp\/v2\/product\/3393\/revisions\/4946"}],"wp:featuredmedia":[{"embeddable":true,"href":"https:\/\/arauphar.com\/site\/wp-json\/wp\/v2\/media\/3388"}],"wp:attachment":[{"href":"https:\/\/arauphar.com\/site\/wp-json\/wp\/v2\/media?parent=3393"}],"wp:term":[{"taxonomy":"product_brand","embeddable":true,"href":"https:\/\/arauphar.com\/site\/wp-json\/wp\/v2\/product_brand?post=3393"},{"taxonomy":"product_cat","embeddable":true,"href":"https:\/\/arauphar.com\/site\/wp-json\/wp\/v2\/product_cat?post=3393"},{"taxonomy":"product_tag","embeddable":true,"href":"https:\/\/arauphar.com\/site\/wp-json\/wp\/v2\/product_tag?post=3393"}],"curies":[{"name":"wp","href":"https:\/\/api.w.org\/{rel}","templated":true}]}}