{"id":3167,"date":"2024-05-21T13:48:28","date_gmt":"2024-05-21T13:48:28","guid":{"rendered":"https:\/\/arauphar.com\/site\/?post_type=product&#038;p=3167"},"modified":"2024-06-12T11:10:09","modified_gmt":"2024-06-12T11:10:09","slug":"araufix-100-suspension-60ml","status":"publish","type":"product","link":"https:\/\/arauphar.com\/site\/product\/araufix-100-suspension-60ml\/","title":{"rendered":"Araufix 100 suspension 60ml"},"content":{"rendered":"<body><h4><strong>Indication:<\/strong><\/h4>\n<ul>\n<li>Bronchite aigu\u00eb et exacerbations aigu\u00ebs de bronchite chronique<\/li>\n<li>Otite moyenne<\/li>\n<li>Pharyngite\/amygdalite<\/li>\n<li>Gonorrh\u00e9e non compliqu\u00e9e<\/li>\n<li>Gonorrh\u00e9e cervicale ou ur\u00e9trale<\/li>\n<li>Infections urinaires non compliqu\u00e9es<\/li>\n<li>La fi\u00e8vre typho\u00efde<\/li>\n<\/ul>\n<p><\/p>\n<\/body>","protected":false},"excerpt":{"rendered":"<h4><strong>Composition: <\/strong><\/h4>\n<p>Chaque 5ml contient : Ce\ufb01xime 100mg<\/p>\n<h4><strong>Description:<br \/>\n<\/strong><\/h4>\n<ul>\n<li>Antibioth\u00e9rapie orale de choix pour le traitement des infections bact\u00e9riennes r\u00e9sistantes et compliqu\u00e9es<\/li>\n<li>Action antibact\u00e9rienne assur\u00e9e avec une grande observance du patient<\/li>\n<\/ul>\n<p><\/p>\n","protected":false},"featured_media":3169,"template":"","meta":{"_monsterinsights_skip_tracking":false,"_monsterinsights_sitenote_active":false,"_monsterinsights_sitenote_note":"","_monsterinsights_sitenote_category":0},"product_brand":[],"product_cat":[107,104],"product_tag":[],"class_list":{"0":"post-3167","1":"product","2":"type-product","3":"status-publish","4":"has-post-thumbnail","6":"product_cat-antibiotique","7":"product_cat-pharmaceuticals","9":"first","10":"instock","11":"shipping-taxable","12":"product-type-external"},"aioseo_notices":[],"jetpack_sharing_enabled":true,"_links":{"self":[{"href":"https:\/\/arauphar.com\/site\/wp-json\/wp\/v2\/product\/3167","targetHints":{"allow":["GET"]}}],"collection":[{"href":"https:\/\/arauphar.com\/site\/wp-json\/wp\/v2\/product"}],"about":[{"href":"https:\/\/arauphar.com\/site\/wp-json\/wp\/v2\/types\/product"}],"version-history":[{"count":13,"href":"https:\/\/arauphar.com\/site\/wp-json\/wp\/v2\/product\/3167\/revisions"}],"predecessor-version":[{"id":3183,"href":"https:\/\/arauphar.com\/site\/wp-json\/wp\/v2\/product\/3167\/revisions\/3183"}],"wp:featuredmedia":[{"embeddable":true,"href":"https:\/\/arauphar.com\/site\/wp-json\/wp\/v2\/media\/3169"}],"wp:attachment":[{"href":"https:\/\/arauphar.com\/site\/wp-json\/wp\/v2\/media?parent=3167"}],"wp:term":[{"taxonomy":"product_brand","embeddable":true,"href":"https:\/\/arauphar.com\/site\/wp-json\/wp\/v2\/product_brand?post=3167"},{"taxonomy":"product_cat","embeddable":true,"href":"https:\/\/arauphar.com\/site\/wp-json\/wp\/v2\/product_cat?post=3167"},{"taxonomy":"product_tag","embeddable":true,"href":"https:\/\/arauphar.com\/site\/wp-json\/wp\/v2\/product_tag?post=3167"}],"curies":[{"name":"wp","href":"https:\/\/api.w.org\/{rel}","templated":true}]}}