{"id":3161,"date":"2024-05-21T11:32:01","date_gmt":"2024-05-21T11:32:01","guid":{"rendered":"https:\/\/arauphar.com\/site\/?post_type=product&#038;p=3161"},"modified":"2024-09-26T10:50:12","modified_gmt":"2024-09-26T10:50:12","slug":"araumox-comprime","status":"publish","type":"product","link":"https:\/\/arauphar.com\/site\/product\/araumox-comprime\/","title":{"rendered":"Araumox tablet"},"content":{"rendered":"<body><ul>\n<li>Attaquant parfait contre les infections multiples.<\/li>\n<li>Spectre am\u00e9lior\u00e9 pour de meilleurs r\u00e9sultats<\/li>\n<\/ul>\n<h4>Indication<\/h4>\n<ul>\n<li>Sinusite bact\u00e9rienne aigu\u00eb<\/li>\n<li>Exacerbation bact\u00e9rienne aigu\u00eb de la bronchite chronique<\/li>\n<li>Pneumonie acquise dans la communaut\u00e9 (l\u00e9g\u00e8re \/ mod\u00e9r\u00e9e)<\/li>\n<li>Pneumonie acquise dans la communaut\u00e9 chez des patients hospitalis\u00e9s (l\u00e9g\u00e8re \/ mod\u00e9r\u00e9e \/ s\u00e9v\u00e8re)<\/li>\n<li>Infections compliqu\u00e9es de la peau et de la structure de la peau chez les patients hospitalis\u00e9s<\/li>\n<li>Infections non compliqu\u00e9es de la peau et de la structure de la peau<\/li>\n<li>Infections intra-abdominales compliqu\u00e9es<\/li>\n<li>Pneumonie et septic\u00e9mique<\/li>\n<\/ul>\n<\/body>","protected":false},"excerpt":{"rendered":"<h4>Composition<\/h4>\n<p>Chaque comprim\u00e9 enrob\u00e9 contient : Moxi\ufb02oxacine chlorydrate 400mg<\/p>\n","protected":false},"featured_media":3162,"template":"","meta":{"_monsterinsights_skip_tracking":false,"_monsterinsights_sitenote_active":false,"_monsterinsights_sitenote_note":"","_monsterinsights_sitenote_category":0},"product_brand":[],"product_cat":[107,104],"product_tag":[],"class_list":{"0":"post-3161","1":"product","2":"type-product","3":"status-publish","4":"has-post-thumbnail","6":"product_cat-antibiotique","7":"product_cat-pharmaceuticals","9":"first","10":"instock","11":"shipping-taxable","12":"product-type-external"},"aioseo_notices":[],"jetpack_sharing_enabled":true,"_links":{"self":[{"href":"https:\/\/arauphar.com\/site\/wp-json\/wp\/v2\/product\/3161","targetHints":{"allow":["GET"]}}],"collection":[{"href":"https:\/\/arauphar.com\/site\/wp-json\/wp\/v2\/product"}],"about":[{"href":"https:\/\/arauphar.com\/site\/wp-json\/wp\/v2\/types\/product"}],"version-history":[{"count":6,"href":"https:\/\/arauphar.com\/site\/wp-json\/wp\/v2\/product\/3161\/revisions"}],"predecessor-version":[{"id":4942,"href":"https:\/\/arauphar.com\/site\/wp-json\/wp\/v2\/product\/3161\/revisions\/4942"}],"wp:featuredmedia":[{"embeddable":true,"href":"https:\/\/arauphar.com\/site\/wp-json\/wp\/v2\/media\/3162"}],"wp:attachment":[{"href":"https:\/\/arauphar.com\/site\/wp-json\/wp\/v2\/media?parent=3161"}],"wp:term":[{"taxonomy":"product_brand","embeddable":true,"href":"https:\/\/arauphar.com\/site\/wp-json\/wp\/v2\/product_brand?post=3161"},{"taxonomy":"product_cat","embeddable":true,"href":"https:\/\/arauphar.com\/site\/wp-json\/wp\/v2\/product_cat?post=3161"},{"taxonomy":"product_tag","embeddable":true,"href":"https:\/\/arauphar.com\/site\/wp-json\/wp\/v2\/product_tag?post=3161"}],"curies":[{"name":"wp","href":"https:\/\/api.w.org\/{rel}","templated":true}]}}