{"id":3158,"date":"2024-05-21T11:26:07","date_gmt":"2024-05-21T11:26:07","guid":{"rendered":"https:\/\/arauphar.com\/site\/?post_type=product&#038;p=3158"},"modified":"2024-06-13T14:47:10","modified_gmt":"2024-06-13T14:47:10","slug":"arauclav-1-2-injection","status":"publish","type":"product","link":"https:\/\/arauphar.com\/site\/product\/arauclav-1-2-injection\/","title":{"rendered":"Arauclav-1.2 injection"},"content":{"rendered":"<body><ul>\n<li>La r\u00e9sistance aux \u00df-lactamases peut entraver le traitement en raison d\u2019une infection r\u00e9currente et d\u2019un \u00e9chec du traitement.<\/li>\n<li>Double pouvoir antibact\u00e9rien qui s\u2019attaque efficacement \u00e0 la r\u00e9sistance<\/li>\n<\/ul>\n<h4>Indication<\/h4>\n<ul>\n<li>Infections G\u00e9nito-urinaires<br>\nCystite, Ur\u00e9trite, Py\u00e9lon\u00e9phrite aigu\u00eb et chronique, vaginite infectieuse, vaginose bact\u00e9rienne, cervicite infectieuse<\/li>\n<li>Infections des voies Respiratoires Sup\u00e9rieures et inf\u00e9rieures<br>\nAmygdalite, Otite moyenne aigu\u00eb, bronchite chronique et Bronchopneumonie, Pneumonie communautaire, Rhinosinusite aigu\u00eb ou Sinusite.<\/li>\n<li>Infections de la peau et des tissus mous<br>\nFuroncles, Abc\u00e8s, Cellulite mineure et s\u00e9v\u00e8re, Les infections des plaies, Imp\u00e9tigo, Morsure, Pieds diab\u00e9tiques.<\/li>\n<li>Autres Infections<br>\nInfections post-op\u00e9ratoires, Sepsis intra-abdominal, l\u2019avortement septique, infection puerp\u00e9rale, Infections dentaires, Prophylaxie contre les infections associ\u00e9es aux interventions chirurgicales majeures telles que gastro-intestinales, pelviennes, de la t\u00eate et du cou, cardiaques, r\u00e9nales, remplacement articulaire et celle des voies biliaires<\/li>\n<\/ul>\n<\/body>","protected":false},"excerpt":{"rendered":"<h4>Composition<\/h4>\n<p>Chaque flacon contient : Amoxicilline 1000mg &amp; Acide clavulanique 200mg<\/p>\n","protected":false},"featured_media":3159,"template":"","meta":{"_monsterinsights_skip_tracking":false,"_monsterinsights_sitenote_active":false,"_monsterinsights_sitenote_note":"","_monsterinsights_sitenote_category":0},"product_brand":[],"product_cat":[107,104],"product_tag":[],"class_list":{"0":"post-3158","1":"product","2":"type-product","3":"status-publish","4":"has-post-thumbnail","6":"product_cat-antibiotique","7":"product_cat-pharmaceuticals","9":"first","10":"instock","11":"shipping-taxable","12":"product-type-external"},"aioseo_notices":[],"jetpack_sharing_enabled":true,"_links":{"self":[{"href":"https:\/\/arauphar.com\/site\/wp-json\/wp\/v2\/product\/3158","targetHints":{"allow":["GET"]}}],"collection":[{"href":"https:\/\/arauphar.com\/site\/wp-json\/wp\/v2\/product"}],"about":[{"href":"https:\/\/arauphar.com\/site\/wp-json\/wp\/v2\/types\/product"}],"version-history":[{"count":4,"href":"https:\/\/arauphar.com\/site\/wp-json\/wp\/v2\/product\/3158\/revisions"}],"predecessor-version":[{"id":3383,"href":"https:\/\/arauphar.com\/site\/wp-json\/wp\/v2\/product\/3158\/revisions\/3383"}],"wp:featuredmedia":[{"embeddable":true,"href":"https:\/\/arauphar.com\/site\/wp-json\/wp\/v2\/media\/3159"}],"wp:attachment":[{"href":"https:\/\/arauphar.com\/site\/wp-json\/wp\/v2\/media?parent=3158"}],"wp:term":[{"taxonomy":"product_brand","embeddable":true,"href":"https:\/\/arauphar.com\/site\/wp-json\/wp\/v2\/product_brand?post=3158"},{"taxonomy":"product_cat","embeddable":true,"href":"https:\/\/arauphar.com\/site\/wp-json\/wp\/v2\/product_cat?post=3158"},{"taxonomy":"product_tag","embeddable":true,"href":"https:\/\/arauphar.com\/site\/wp-json\/wp\/v2\/product_tag?post=3158"}],"curies":[{"name":"wp","href":"https:\/\/api.w.org\/{rel}","templated":true}]}}