{"id":3152,"date":"2024-05-21T11:18:44","date_gmt":"2024-05-21T11:18:44","guid":{"rendered":"https:\/\/arauphar.com\/site\/?post_type=product&#038;p=3152"},"modified":"2024-09-26T16:11:59","modified_gmt":"2024-09-26T16:11:59","slug":"orthoglic-comprime","status":"publish","type":"product","link":"https:\/\/arauphar.com\/site\/product\/orthoglic-comprime\/","title":{"rendered":"Orthoglic tablet"},"content":{"rendered":"<body><p>DESCRIPTION:<br>\nL\u2019arthrose, une maladie \u00e9volutive d\u00e9truit le cartilage articulaire, entra\u00eenant une alt\u00e9ration du mouvement des articulations, des douleurs intenses, des fractures et finalement un handicap.<br>\nUn compl\u00e9ment qui rajeunit les articulations et am\u00e9liore la mobilit\u00e9<\/p>\n<p>INDICATION:<br>\n\u2022 Arthrose<br>\n\u2022 Arthrite inflammatoire chronique<br>\n\u2022 Polyarthrite rhumato\u00efde<br>\n\u2022 Raideur de l\u2019articulation genou-hanche<br>\n\u2022 Pour soulager la douleur<br>\n\u2022 Pour la flexibilit\u00e9 des articulations<\/p>\n<\/body>","protected":false},"excerpt":{"rendered":"<p>Composition:<\/p>\n<p>Chaque comprim\u00e9 contient :<br \/>\nBoswellia Serrata 100 mg, sulfate de chondro\u00eftine 100 mg, peptide de collag\u00e8ne de type II 50 mg, diacereine 50 mg, sulfate de glucosamine 150 mg, acide hyaluronique 5 mg et m\u00e9thyl sulfonyl m\u00e9thane 250 mg<\/p>\n","protected":false},"featured_media":3154,"template":"","meta":{"_monsterinsights_skip_tracking":false,"_monsterinsights_sitenote_active":false,"_monsterinsights_sitenote_note":"","_monsterinsights_sitenote_category":0},"product_brand":[],"product_cat":[108,104],"product_tag":[],"class_list":{"0":"post-3152","1":"product","2":"type-product","3":"status-publish","4":"has-post-thumbnail","6":"product_cat-anti-inflammatory-analgesic","7":"product_cat-pharmaceuticals","9":"first","10":"instock","11":"shipping-taxable","12":"product-type-external"},"aioseo_notices":[],"jetpack_sharing_enabled":true,"_links":{"self":[{"href":"https:\/\/arauphar.com\/site\/wp-json\/wp\/v2\/product\/3152","targetHints":{"allow":["GET"]}}],"collection":[{"href":"https:\/\/arauphar.com\/site\/wp-json\/wp\/v2\/product"}],"about":[{"href":"https:\/\/arauphar.com\/site\/wp-json\/wp\/v2\/types\/product"}],"version-history":[{"count":3,"href":"https:\/\/arauphar.com\/site\/wp-json\/wp\/v2\/product\/3152\/revisions"}],"predecessor-version":[{"id":4947,"href":"https:\/\/arauphar.com\/site\/wp-json\/wp\/v2\/product\/3152\/revisions\/4947"}],"wp:featuredmedia":[{"embeddable":true,"href":"https:\/\/arauphar.com\/site\/wp-json\/wp\/v2\/media\/3154"}],"wp:attachment":[{"href":"https:\/\/arauphar.com\/site\/wp-json\/wp\/v2\/media?parent=3152"}],"wp:term":[{"taxonomy":"product_brand","embeddable":true,"href":"https:\/\/arauphar.com\/site\/wp-json\/wp\/v2\/product_brand?post=3152"},{"taxonomy":"product_cat","embeddable":true,"href":"https:\/\/arauphar.com\/site\/wp-json\/wp\/v2\/product_cat?post=3152"},{"taxonomy":"product_tag","embeddable":true,"href":"https:\/\/arauphar.com\/site\/wp-json\/wp\/v2\/product_tag?post=3152"}],"curies":[{"name":"wp","href":"https:\/\/api.w.org\/{rel}","templated":true}]}}